{"id":499,"date":"2025-03-13T18:27:55","date_gmt":"2025-03-13T15:27:55","guid":{"rendered":"https:\/\/drosmanhalitcam.com\/?page_id=499"},"modified":"2025-05-22T12:50:45","modified_gmt":"2025-05-22T09:50:45","slug":"%d0%b0%d0%b4%d0%b5%d0%bd%d0%be%d0%b8%d0%b4%d1%8b-%d1%83-%d0%b4%d0%b5%d1%82%d0%b5%d0%b9","status":"publish","type":"page","link":"https:\/\/drosmanhalitcam.com\/ru\/%d0%b0%d0%b4%d0%b5%d0%bd%d0%be%d0%b8%d0%b4%d1%8b-%d1%83-%d0%b4%d0%b5%d1%82%d0%b5%d0%b9\/","title":{"rendered":"\u0410\u0434\u0435\u043d\u043e\u0438\u0434\u044b \u0443 \u0434\u0435\u0442\u0435\u0439"},"content":{"rendered":"<h2>\u0410\u0434\u0435\u043d\u043e\u0438\u0434\u044b \u0443 \u0434\u0435\u0442\u0435\u0439<\/h2>\n<h4>\n\t\t\t\t\t\t\u0414\u041e\u0426\u0415\u041d\u0422 \u0414\u041e\u041a\u0422\u041e\u0420 \u041e\u0421\u041c\u0410\u041d \u0425\u0410\u041b\u0418\u0422 \u0427\u0410\u041c<br \/>\n\t\t\t\t\t<\/h4>\n<h2>\u0417\u0410\u0411\u041e\u041b\u0415\u0412\u0410\u041d\u0418\u042f \u0410\u0414\u0415\u041d\u041e\u0418\u0414\u041e\u0412 \u0418 \u041c\u0418\u041d\u0414\u0410\u041b\u0418\u041d \u0423 \u0414\u0415\u0422\u0415\u0419 <\/h2>\n<p>\u0410\u0434\u0435\u043d\u043e\u0438\u0434 (\u0430\u0434\u0435\u043d\u043e\u0438\u0434) &#8211; \u044d\u0442\u043e \u0442\u043a\u0430\u043d\u044c \u0438\u043c\u043c\u0443\u043d\u043d\u043e\u0439 \u0441\u0438\u0441\u0442\u0435\u043c\u044b, \u0440\u0430\u0441\u043f\u043e\u043b\u043e\u0436\u0435\u043d\u043d\u0430\u044f \u0437\u0430 \u043c\u044f\u0433\u043a\u0438\u043c \u043d\u0435\u0431\u043e\u043c, \u043d\u0430\u043f\u043e\u043c\u0438\u043d\u0430\u044e\u0449\u0430\u044f \u043c\u0438\u043d\u0434\u0430\u043b\u0438\u043d\u0443, \u043a\u043e\u0442\u043e\u0440\u0430\u044f \u0431\u0435\u0440\u0435\u0442 \u0441\u0432\u043e\u0435 \u043d\u0430\u0447\u0430\u043b\u043e \u043d\u0430 \u043f\u043e\u0432\u0435\u0440\u0445\u043d\u043e\u0441\u0442\u0438 \u043e\u0431\u043b\u0430\u0441\u0442\u0438 \u043d\u043e\u0441\u0430. <strong> \u041e\u0441\u043d\u043e\u0432\u043d\u044b\u0435 \u0445\u0430\u0440\u0430\u043a\u0442\u0435\u0440\u0438\u0441\u0442\u0438\u043a\u0438: <\/strong><\/p>\n<p>* \u0410\u0434\u0435\u043d\u043e\u0438\u0434\u044b \u043f\u0440\u0438\u0441\u0443\u0442\u0441\u0442\u0432\u0443\u044e\u0442 \u043f\u0440\u0438 \u0440\u043e\u0436\u0434\u0435\u043d\u0438\u0438.<\/p>\n<p>\u2022 \u041e\u043d\u0438 \u0434\u0435\u043c\u043e\u043d\u0441\u0442\u0440\u0438\u0440\u0443\u044e\u0442 \u0437\u0430\u043c\u0435\u0442\u043d\u044b\u0439 \u0440\u043e\u0441\u0442 \u0432 \u0432\u043e\u0437\u0440\u0430\u0441\u0442\u0435 \u043e\u0442 3 \u0434\u0435\u043a \u0434\u043e 6 \u043b\u0435\u0442.<\/p>\n<p>\u2022 \u041e\u043d\u0438 \u043f\u0435\u0440\u0435\u0441\u0442\u0430\u044e\u0442 \u0440\u0430\u0441\u0442\u0438 \u043f\u0440\u0438\u043c\u0435\u0440\u043d\u043e \u0432 \u0432\u043e\u0437\u0440\u0430\u0441\u0442\u0435 7 \u043b\u0435\u0442.<\/p>\n<p>\u2022 \u041f\u043e\u0441\u043b\u0435 10 \u043b\u0435\u0442 \u043e\u043d \u043d\u0430\u0447\u0438\u043d\u0430\u0435\u0442 \u0443\u043c\u0435\u043d\u044c\u0448\u0430\u0442\u044c\u0441\u044f \u0432 \u0440\u0430\u0437\u043c\u0435\u0440\u0430\u0445.<\/p>\n<p>\t\t\t\t\t\t\t<a href=\"https:\/\/drosmanhalitcam.com\/ru\/\u0441\u0432\u044f\u0437\u0430\u0442\u044c\u0441\u044f-\u0441\/\" id=\"\"><br \/>\n\t\t\t\t\t\u0417\u0430\u043f\u0438\u0448\u0438\u0442\u0435\u0441\u044c \u043d\u0430 \u043f\u0440\u0438\u0435\u043c \u043f\u0440\u044f\u043c\u043e \u0441\u0435\u0439\u0447\u0430\u0441\t\t\t\t<\/a><\/p>\n<figure>\n\t\t\t\t\t\t\t\t\t\t<img loading=\"lazy\" decoding=\"async\" width=\"635\" height=\"577\" src=\"https:\/\/drosmanhalitcam.com\/ru\/wp-content\/uploads\/2025\/03\/cocuk-isitme-kayiplari-galeri-1.webp\" alt=\"\" srcset=\"https:\/\/drosmanhalitcam.com\/ru\/wp-content\/uploads\/2025\/03\/cocuk-isitme-kayiplari-galeri-1.webp 635w, https:\/\/drosmanhalitcam.com\/ru\/wp-content\/uploads\/2025\/03\/cocuk-isitme-kayiplari-galeri-1-300x273.webp 300w\" sizes=\"auto, (max-width: 635px) 100vw, 635px\" \/><figcaption><\/figcaption><\/figure>\n<h2>\u041d\u0443\u0436\u043d\u043e \u043b\u0438 \u0443\u0434\u0430\u043b\u044f\u0442\u044c \u0430\u0434\u0435\u043d\u043e\u0438\u0434\u044b \u0438\u043b\u0438 \u043d\u0435\u0442?<\/h2>\n<p>\u041a\u043e\u0433\u0434\u0430 \u0430\u0434\u0435\u043d\u043e\u0438\u0434\u044b \u0441\u0442\u0430\u043d\u043e\u0432\u044f\u0442\u0441\u044f \u0441\u043b\u0438\u0448\u043a\u043e\u043c \u0431\u043e\u043b\u044c\u0448\u0438\u043c\u0438 \u0438\u043b\u0438 \u0432\u043e\u0441\u043f\u0430\u043b\u044f\u044e\u0442\u0441\u044f \u0441\u043b\u0438\u0448\u043a\u043e\u043c \u0447\u0430\u0441\u0442\u043e, \u044d\u0442\u043e \u0432\u044b\u0437\u044b\u0432\u0430\u0435\u0442 \u0440\u044f\u0434 \u043f\u0440\u043e\u0431\u043b\u0435\u043c. \u041a \u043d\u0438\u043c \u043c\u043e\u0436\u043d\u043e \u043e\u0442\u043d\u0435\u0441\u0442\u0438 \u0441\u0438\u043b\u044c\u043d\u0443\u044e \u0437\u0430\u043b\u043e\u0436\u0435\u043d\u043d\u043e\u0441\u0442\u044c \u043d\u043e\u0441\u0430, \u043f\u043e\u0441\u0442\u043e\u044f\u043d\u043d\u044b\u0439 \u0438 \u043d\u0435\u043f\u0440\u0435\u043a\u0440\u0430\u0449\u0430\u044e\u0449\u0438\u0439\u0441\u044f \u043d\u0430\u0441\u043c\u043e\u0440\u043a, \u043f\u0440\u043e\u0431\u043b\u0435\u043c\u044b \u0441 \u0443\u0448\u0430\u043c\u0438 (\u0441\u043a\u043e\u043f\u043b\u0435\u043d\u0438\u0435 \u0436\u0438\u0434\u043a\u043e\u0441\u0442\u0438, \u0443\u0445\u0443\u0434\u0448\u0435\u043d\u0438\u0435 \u0441\u043b\u0443\u0445\u0430), \u043f\u0440\u043e\u0431\u043b\u0435\u043c\u044b \u0441\u043e \u0441\u043d\u043e\u043c, \u0445\u0440\u0430\u043f, \u043a\u0430\u0440\u0438\u0435\u0441, \u0437\u0430\u0442\u0440\u0443\u0434\u043d\u0435\u043d\u043d\u043e\u0435 \u0433\u043b\u043e\u0442\u0430\u043d\u0438\u0435, \u043d\u0430\u0440\u0443\u0448\u0435\u043d\u0438\u0435 \u0440\u0435\u0447\u0438, \u043e\u0442\u0435\u043a\u0438 \u043d\u0430 \u0448\u0435\u0435, \u0441\u0443\u0445\u043e\u0441\u0442\u044c \u0433\u0443\u0431 \u0438 \u0440\u0442\u0430, \u0430\u043f\u043d\u043e\u044d \u0441\u043d\u0430 (\u043e\u0441\u0442\u0430\u043d\u043e\u0432\u043a\u0430 \u0434\u044b\u0445\u0430\u043d\u0438\u044f \u043d\u0430 \u0432\u0440\u0435\u043c\u044f \u0432\u043e \u0432\u0440\u0435\u043c\u044f \u0441\u043d\u0430).<\/p>\n<p>\u0415\u0441\u043b\u0438 \u044d\u0442\u0438 \u043f\u0440\u043e\u0431\u043b\u0435\u043c\u044b \u0441\u0435\u0440\u044c\u0435\u0437\u043d\u043e \u0443\u0442\u043e\u043c\u043b\u044f\u044e\u0442 \u0440\u0435\u0431\u0435\u043d\u043a\u0430 \u0438 \u0435\u0441\u043b\u0438 \u0432\u0440\u0435\u0434 \u043f\u0435\u0440\u0435\u0432\u0435\u0448\u0438\u0432\u0430\u0435\u0442 \u043f\u043e\u043b\u044c\u0437\u0443, \u0430\u0434\u0435\u043d\u043e\u0438\u0434\u044b \u0441\u043b\u0435\u0434\u0443\u0435\u0442 \u0443\u0434\u0430\u043b\u0438\u0442\u044c. \u041f\u0440\u0438 \u043f\u0440\u0438\u043d\u044f\u0442\u0438\u0438 \u0440\u0435\u0448\u0435\u043d\u0438\u044f \u043e\u0431 \u043e\u043f\u0435\u0440\u0430\u0446\u0438\u0438 \u0443\u0447\u0438\u0442\u044b\u0432\u0430\u0435\u0442\u0441\u044f \u0441\u043e\u043e\u0442\u043d\u043e\u0448\u0435\u043d\u0438\u0435 \u043f\u043e\u043b\u044c\u0437\u044b \u0438 \u0432\u0440\u0435\u0434\u0430.<\/p>\n<h2>\u0422\u043e\u043d\u0437\u0438\u043b\u044b<\/h2>\n<section data-id=\"1dcce43e\" data-element_type=\"section\">\n<p>Bademcikler (Tonsil) bo\u011fazda dil k\u00f6k\u00fcn\u00fcn her iki yan\u0131nda yerle\u015fmi\u015f olan iki adet lenf dokusundan olu\u015fmaktad\u0131r. Ba\u011f\u0131\u015f\u0131kl\u0131k sisteminin bir par\u00e7as\u0131d\u0131rlar ve a\u011f\u0131z yoluyla al\u0131nan mikroplara kar\u015f\u0131 ba\u011f\u0131\u015f\u0131kl\u0131k sistemini uyar\u0131rlar ve ilk yan\u0131t\u0131 verirler.<\/p>\n<\/section>\n<h2>\u041a\u041e\u0413\u0414\u0410 \u0422\u0420\u0415\u0411\u0423\u0415\u0422\u0421\u042f \u0425\u0418\u0420\u0423\u0420\u0413\u0418\u0427\u0415\u0421\u041a\u041e\u0415 \u0412\u041c\u0415\u0428\u0410\u0422\u0415\u041b\u042c\u0421\u0422\u0412\u041e?<\/h2>\n<p>\u0421\u0443\u0449\u0435\u0441\u0442\u0432\u0443\u0435\u0442 \u0434\u0432\u0430 \u043e\u0441\u043d\u043e\u0432\u043d\u044b\u0445 \u043a\u0440\u0438\u0442\u0435\u0440\u0438\u044f \u0434\u043b\u044f \u0445\u0438\u0440\u0443\u0440\u0433\u0438\u0447\u0435\u0441\u043a\u043e\u0433\u043e \u0432\u043c\u0435\u0448\u0430\u0442\u0435\u043b\u044c\u0441\u0442\u0432\u0430 \u043d\u0430 \u043c\u0438\u043d\u0434\u0430\u043b\u0438\u043d\u0430\u0445. \u041e\u043d\u0438 \u043c\u043e\u0433\u0443\u0442 \u0431\u044b\u0442\u044c \u043e\u0442\u0434\u0435\u043b\u044c\u043d\u044b\u043c\u0438 \u043a\u0440\u0438\u0442\u0435\u0440\u0438\u044f\u043c\u0438 \u0438\u043b\u0438 \u0438\u0445 \u043d\u0430\u043b\u0438\u0447\u0438\u0435 \u0441\u0430\u043c\u043e \u043f\u043e \u0441\u0435\u0431\u0435 \u044f\u0432\u043b\u044f\u0435\u0442\u0441\u044f \u0434\u043e\u0441\u0442\u0430\u0442\u043e\u0447\u043d\u044b\u043c \u0434\u043b\u044f \u0445\u0438\u0440\u0443\u0440\u0433\u0438\u0447\u0435\u0441\u043a\u043e\u0433\u043e \u0432\u043c\u0435\u0448\u0430\u0442\u0435\u043b\u044c\u0441\u0442\u0432\u0430. \u041a \u043d\u0438\u043c \u043e\u0442\u043d\u043e\u0441\u044f\u0442\u0441\u044f<\/p>\n<p>\u041c\u0438\u043d\u0434\u0430\u043b\u0438\u043d\u044b \u043c\u043e\u0433\u0443\u0442 \u0441\u0442\u0430\u0442\u044c \u0434\u043e\u0441\u0442\u0430\u0442\u043e\u0447\u043d\u043e \u0431\u043e\u043b\u044c\u0448\u0438\u043c\u0438, \u0447\u0442\u043e\u0431\u044b \u0432\u043b\u0438\u044f\u0442\u044c \u043d\u0430 \u0434\u044b\u0445\u0430\u043d\u0438\u0435 \u0438 \u043f\u0438\u0442\u0430\u043d\u0438\u0435, \u0438 \u043c\u043e\u0433\u0443\u0442 \u0438\u043c\u0438\u0442\u0438\u0440\u043e\u0432\u0430\u0442\u044c \u0441\u0438\u043c\u043f\u0442\u043e\u043c\u044b \u0430\u0434\u0435\u043d\u043e\u0438\u0434\u043e\u0432. \u0412 \u044d\u0442\u043e\u043c \u0441\u043b\u0443\u0447\u0430\u0435 \u043c\u0438\u043d\u0434\u0430\u043b\u0438\u043d\u044b \u0434\u043e\u043b\u0436\u043d\u044b \u0431\u044b\u0442\u044c \u0443\u0434\u0430\u043b\u0435\u043d\u044b \u0432\u043c\u0435\u0441\u0442\u0435 \u0441 \u0430\u0434\u0435\u043d\u043e\u0438\u0434\u0430\u043c\u0438, \u0447\u0442\u043e\u0431\u044b \u043f\u0440\u043e\u0434\u043e\u043b\u0436\u0438\u0442\u044c \u0437\u0434\u043e\u0440\u043e\u0432\u043e\u0435 \u0440\u0430\u0437\u0432\u0438\u0442\u0438\u0435 \u0440\u0435\u0431\u0435\u043d\u043a\u0430 \u0438 \u043f\u0440\u0435\u0434\u043e\u0442\u0432\u0440\u0430\u0442\u0438\u0442\u044c \u0430\u043f\u043d\u043e\u044d. \u0415\u0441\u043b\u0438 \u043c\u0438\u043d\u0434\u0430\u043b\u0438\u043d\u044b \u0447\u0440\u0435\u0437\u043c\u0435\u0440\u043d\u043e \u0432\u0435\u043b\u0438\u043a\u0438, \u0442\u043e \u0432\u043c\u0435\u0441\u0442\u043e \u0438\u0445 \u0443\u0434\u0430\u043b\u0435\u043d\u0438\u044f \u043c\u043e\u0436\u0435\u0442 \u0431\u044b\u0442\u044c \u043f\u0440\u043e\u0432\u0435\u0434\u0435\u043d\u0430 \u043e\u043f\u0435\u0440\u0430\u0446\u0438\u044f \u043f\u043e \u0443\u043c\u0435\u043d\u044c\u0448\u0435\u043d\u0438\u044e \u043c\u0438\u043d\u0434\u0430\u043b\u0438\u043d.<br \/>\u0415\u0449\u0435 \u043e\u0434\u043d\u0438\u043c \u0437\u0430\u0431\u043e\u043b\u0435\u0432\u0430\u043d\u0438\u0435\u043c, \u0442\u0440\u0435\u0431\u0443\u044e\u0449\u0438\u043c \u0443\u0434\u0430\u043b\u0435\u043d\u0438\u044f \u043c\u0438\u043d\u0434\u0430\u043b\u0438\u043d, \u044f\u0432\u043b\u044f\u044e\u0442\u0441\u044f \u0440\u0435\u0446\u0438\u0434\u0438\u0432\u0438\u0440\u0443\u044e\u0449\u0438\u0435 \u0438\u043d\u0444\u0435\u043a\u0446\u0438\u0438 \u0433\u043e\u0440\u043b\u0430. \u0412 \u0441\u043b\u0443\u0447\u0430\u0435 \u0447\u0430\u0441\u0442\u044b\u0445 \u0440\u0435\u0446\u0438\u0434\u0438\u0432\u0438\u0440\u0443\u044e\u0449\u0438\u0445 \u0438\u043d\u0444\u0435\u043a\u0446\u0438\u0439 \u043c\u0438\u043d\u0434\u0430\u043b\u0438\u043d (4 \u0438\u043d\u0444\u0435\u043a\u0446\u0438\u0438 \u0437\u0430 \u0433\u043e\u0434 \u0438\u043b\u0438 7 \u0438\u043d\u0444\u0435\u043a\u0446\u0438\u0439 \u0437\u0430 \u0434\u0432\u0430 \u0433\u043e\u0434\u0430) \u0440\u0430\u0437\u043c\u0435\u0440 \u043c\u0438\u043d\u0434\u0430\u043b\u0438\u043d \u043d\u0435 \u0438\u043c\u0435\u0435\u0442 \u0437\u043d\u0430\u0447\u0435\u043d\u0438\u044f, \u0438 \u043c\u0438\u043d\u0434\u0430\u043b\u0438\u043d\u044b \u0441\u043b\u0435\u0434\u0443\u0435\u0442 \u0443\u0434\u0430\u043b\u0438\u0442\u044c, \u0434\u0430\u0436\u0435 \u0435\u0441\u043b\u0438 \u043e\u043d\u0438 \u043c\u0430\u043b\u0435\u043d\u044c\u043a\u0438\u0435.<\/p>\n<p>\t\t\t\t\t\t\t\t\t\t\t\t\t\t\t<img loading=\"lazy\" decoding=\"async\" width=\"600\" height=\"800\" src=\"https:\/\/drosmanhalitcam.com\/ru\/wp-content\/uploads\/2025\/03\/cocuk-kbb-galeri-1.webp\" alt=\"\u00c7ocuk Kbb Galeri 1\" srcset=\"https:\/\/drosmanhalitcam.com\/ru\/wp-content\/uploads\/2025\/03\/cocuk-kbb-galeri-1.webp 600w, https:\/\/drosmanhalitcam.com\/ru\/wp-content\/uploads\/2025\/03\/cocuk-kbb-galeri-1-225x300.webp 225w\" sizes=\"auto, (max-width: 600px) 100vw, 600px\" \/><br \/>\n\t\t\t\t\t\t\t\t\t\t\t\t\t\t\t<img loading=\"lazy\" decoding=\"async\" width=\"600\" height=\"800\" src=\"https:\/\/drosmanhalitcam.com\/ru\/wp-content\/uploads\/2025\/03\/cocuk-kbb-galeri-2.webp\" alt=\"\u00c7ocuk Kbb Galeri 2\" srcset=\"https:\/\/drosmanhalitcam.com\/ru\/wp-content\/uploads\/2025\/03\/cocuk-kbb-galeri-2.webp 600w, https:\/\/drosmanhalitcam.com\/ru\/wp-content\/uploads\/2025\/03\/cocuk-kbb-galeri-2-225x300.webp 225w\" sizes=\"auto, (max-width: 600px) 100vw, 600px\" \/><br \/>\n\t\t\t\t\t\t\t\t\t\t\t\t\t\t\t<img loading=\"lazy\" decoding=\"async\" width=\"600\" height=\"800\" src=\"https:\/\/drosmanhalitcam.com\/ru\/wp-content\/uploads\/2025\/03\/cocuk-kbb-galeri-3.webp\" alt=\"\u00c7ocuk Kbb Galeri 3\" srcset=\"https:\/\/drosmanhalitcam.com\/ru\/wp-content\/uploads\/2025\/03\/cocuk-kbb-galeri-3.webp 600w, https:\/\/drosmanhalitcam.com\/ru\/wp-content\/uploads\/2025\/03\/cocuk-kbb-galeri-3-225x300.webp 225w\" sizes=\"auto, (max-width: 600px) 100vw, 600px\" \/>\t\t\t\t\t\t\t\t\t\t\t\t\t\t\t<\/p>\n<h2>\u0417\u0410\u0427\u0415\u041c \u041d\u0423\u0416\u041d\u0410 \u041e\u041f\u0415\u0420\u0410\u0426\u0418\u042f<\/h2>\n<p>\u041f\u0440\u0438 \u043f\u0440\u0438\u043d\u044f\u0442\u0438\u0438 \u043e\u043f\u0435\u0440\u0430\u0442\u0438\u0432\u043d\u043e\u0433\u043e \u0440\u0435\u0448\u0435\u043d\u0438\u044f \u0437\u0434\u0435\u0441\u044c, \u043a\u043e\u043d\u0435\u0447\u043d\u043e, \u0441\u043e\u0431\u043b\u044e\u0434\u0430\u0435\u0442\u0441\u044f \u0431\u0430\u043b\u0430\u043d\u0441 \u0432\u044b\u0433\u043e\u0434 \u0438 \u0443\u0431\u044b\u0442\u043a\u043e\u0432. \u0422\u0430\u043a\u0438\u043c \u043e\u0431\u0440\u0430\u0437\u043e\u043c, \u0442\u0435\u043f\u0435\u0440\u044c, \u043a\u043e\u0433\u0434\u0430 \u043e\u043f\u0435\u0440\u0430\u0446\u0438\u044f \u0431\u044b\u043b\u0430 \u043f\u043e\u0434\u043d\u044f\u0442\u0430 \u043d\u0430 \u043f\u043e\u0432\u0435\u0441\u0442\u043a\u0435 \u0434\u043d\u044f, \u044d\u0442\u043e \u043e\u0437\u043d\u0430\u0447\u0430\u0435\u0442, \u0447\u0442\u043e \u0435\u0435 \u0432\u0440\u0435\u0434 \u043d\u0430\u0447\u0430\u043b \u0437\u0430\u0442\u043c\u0435\u0432\u0430\u0442\u044c \u0435\u0435 \u043f\u0440\u0435\u0438\u043c\u0443\u0449\u0435\u0441\u0442\u0432\u0430.<\/p>\n<p>\u0423\u0434\u0430\u043b\u0435\u043d\u0438\u0435 \u043c\u0438\u043d\u0434\u0430\u043b\u0438\u043d \u043f\u0440\u0438 \u043d\u0430\u043b\u0438\u0447\u0438\u0438 \u0445\u0440\u043e\u043d\u0438\u0447\u0435\u0441\u043a\u043e\u0439 \u0438\u043d\u0444\u0435\u043a\u0446\u0438\u0438 \u043f\u0440\u0435\u0434\u043e\u0442\u0432\u0440\u0430\u0442\u0438\u0442 \u0447\u0430\u0441\u0442\u044b\u0435 \u0438\u043d\u0444\u0435\u043a\u0446\u0438\u0438 \u043c\u0438\u043d\u0434\u0430\u043b\u0438\u043d \u0443 \u0440\u0435\u0431\u0435\u043d\u043a\u0430 \u0438 \u0443\u043c\u0435\u043d\u044c\u0448\u0438\u0442 \u043e\u0441\u043b\u043e\u0436\u043d\u0435\u043d\u0438\u044f, \u043a\u043e\u0442\u043e\u0440\u044b\u0435 \u043c\u043e\u0433\u0443\u0442 \u0432\u043e\u0437\u043d\u0438\u043a\u043d\u0443\u0442\u044c \u0432 \u0440\u0435\u0437\u0443\u043b\u044c\u0442\u0430\u0442\u0435 \u0438\u043d\u0444\u0435\u043a\u0446\u0438\u0439 (\u0440\u0435\u0444\u043b\u044e\u043a\u0441, \u043e\u0441\u0442\u0440\u0430\u044f \u0440\u0435\u0432\u043c\u0430\u0442\u0438\u0447\u0435\u0441\u043a\u0430\u044f \u043b\u0438\u0445\u043e\u0440\u0430\u0434\u043a\u0430, \u043e\u0441\u0442\u0440\u044b\u0439 \u043f\u043e\u0441\u0442\u0441\u0442\u0440\u0435\u043f\u0442\u043e\u043a\u043e\u043a\u043a\u043e\u0432\u044b\u0439 \u0433\u043b\u043e\u043c\u0435\u0440\u0443\u043b\u043e\u043d\u0435\u0444\u0440\u0438\u0442). \u042d\u0442\u043e \u0442\u0430\u043a\u0436\u0435 \u0443\u043c\u0435\u043d\u044c\u0448\u0438\u0442 \u043f\u043e\u0441\u0442\u043e\u044f\u043d\u043d\u043e\u0435 \u0443\u043f\u043e\u0442\u0440\u0435\u0431\u043b\u0435\u043d\u0438\u0435 \u043b\u0435\u043a\u0430\u0440\u0441\u0442\u0432 \u0438\u0437-\u0437\u0430 \u044d\u0442\u0438\u0445 \u0438\u043d\u0444\u0435\u043a\u0446\u0438\u0439.<\/p>\n<p>\u0425\u043e\u0442\u044f \u0432\u0441\u0435\u0445 \u0434\u0435\u0442\u0435\u0439, \u043a\u043e\u0442\u043e\u0440\u044b\u043c \u043f\u0440\u0435\u0434\u0441\u0442\u043e\u0438\u0442 \u043e\u043f\u0435\u0440\u0430\u0446\u0438\u044f \u043d\u0430 \u043c\u0438\u043d\u0434\u0430\u043b\u0438\u043d\u0430\u0445, \u0441\u043b\u0435\u0434\u0443\u0435\u0442 \u043e\u0431\u0441\u043b\u0435\u0434\u043e\u0432\u0430\u0442\u044c \u043d\u0430 \u043f\u0440\u0435\u0434\u043c\u0435\u0442 \u0430\u0434\u0435\u043d\u043e\u0438\u0434\u043e\u0432 \u0432\u043e \u0432\u0440\u0435\u043c\u044f \u0438\u043b\u0438 \u0434\u043e \u043e\u043f\u0435\u0440\u0430\u0446\u0438\u0438, \u043e\u0431\u0440\u0430\u0442\u043d\u043e\u0435 \u043d\u0435 \u0432\u0441\u0435\u0433\u0434\u0430 \u0432\u0435\u0440\u043d\u043e.<\/p>\n<h2>\u0412\u0430\u0448\u0438 \u0434\u0435\u0442\u0438 \u0432 \u043d\u0430\u0434\u0435\u0436\u043d\u044b\u0445 \u0440\u0443\u043a\u0430\u0445<\/h2>\n<p>\u0410\u0434\u0435\u043d\u043e\u0438\u0434\u043d\u0443\u044e \u043f\u0440\u043e\u0431\u043b\u0435\u043c\u0443 \u0443 \u0432\u0430\u0448\u0435\u0433\u043e \u0440\u0435\u0431\u0435\u043d\u043a\u0430 \u043c\u043e\u0436\u043d\u043e \u0432\u044b\u043b\u0435\u0447\u0438\u0442\u044c, \u0438 \u043f\u0440\u0438 \u043f\u0440\u0430\u0432\u0438\u043b\u044c\u043d\u043e\u043c \u0432\u043c\u0435\u0448\u0430\u0442\u0435\u043b\u044c\u0441\u0442\u0432\u0435 \u0437\u0434\u043e\u0440\u043e\u0432\u044c\u0435 \u0432\u0430\u0448\u0435\u0433\u043e \u0440\u0435\u0431\u0435\u043d\u043a\u0430 \u043c\u043e\u0436\u0435\u0442 \u0431\u044b\u0441\u0442\u0440\u043e \u0432\u0435\u0440\u043d\u0443\u0442\u044c\u0441\u044f \u043a \u043d\u043e\u0440\u043c\u0435.<\/p>\n<p>\t\t\t\t\t        <!-- link opening --><br \/>\n                <a href=\"#\"><br \/>\n                <!-- end link opening --><\/p>\n<h3>\n                    \u0420\u0430\u0431\u043e\u0447\u0438\u0435 \u0447\u0430\u0441\u044b                <\/h3>\n<\/p>\n<p>                <\/a><\/p>\n<ul>\n<li>\n\t\t\t\t\t\t\t\t\t\t\u041f\u043e\u043d\u0435\u0434\u0435\u043b\u044c\u043d\u0438\u043a _____________15:00 &#8211; 18:00\n\t\t\t\t\t\t\t\t\t<\/li>\n<li>\n\t\t\t\t\t\t\t\t\t\t\u0421\u0440\u0435\u0434\u0430 ____________________15:00 &#8211; 18:00\n\t\t\t\t\t\t\t\t\t<\/li>\n<li>\n\t\t\t\t\t\t\t\t\t\t\u0421\u0443\u0431\u0431\u043e\u0442\u0430 __________________15:00 &#8211; 18:00\n\t\t\t\t\t\t\t\t\t<\/li>\n<\/ul>\n<p>\t\t\t\t\t        <!-- link opening --><br \/>\n                <a href=\"#\"><br \/>\n                <!-- end link opening --><\/p>\n<h3>\n                    \u0417\u0432\u043e\u043d\u0438\u0442\u0435 \u0441\u0435\u0439\u0447\u0430\u0441!                <\/h3>\n<\/p>\n<p>                <\/a><\/p>\n<h6><a href=\"tel:+905323007435\">+90 532 300 74 35<\/a><\/h6>\n<p>\t\t\t\t\t        <!-- link opening --><br \/>\n                <a href=\"#\"><br \/>\n                <!-- end link opening --><\/p>\n<h3>\n                    \u0417\u0430\u043f\u0438\u0441\u0430\u0442\u044c\u0441\u044f \u043d\u0430 \u043f\u0440\u0438\u0435\u043c                <\/h3>\n<\/p>\n<p>                <\/a><\/p>\n<h6><a href=\"mailto:randevu@drosmanhalitcam.com\">randevu@drosmanhalitcam.com<\/a><\/h6>\n","protected":false},"excerpt":{"rendered":"<p>\u0410\u0434\u0435\u043d\u043e\u0438\u0434\u044b \u0443 \u0434\u0435\u0442\u0435\u0439 \u0414\u041e\u0426\u0415\u041d\u0422 \u0414\u041e\u041a\u0422\u041e\u0420 \u041e\u0421\u041c\u0410\u041d \u0425\u0410\u041b\u0418\u0422 \u0427\u0410\u041c \u0417\u0410\u0411\u041e\u041b\u0415\u0412\u0410\u041d\u0418\u042f \u0410\u0414\u0415\u041d\u041e\u0418\u0414\u041e\u0412 \u0418 \u041c\u0418\u041d\u0414\u0410\u041b\u0418\u041d \u0423 \u0414\u0415\u0422\u0415\u0419 \u0410\u0434\u0435\u043d\u043e\u0438\u0434 (\u0430\u0434\u0435\u043d\u043e\u0438\u0434) &#8211; \u044d\u0442\u043e \u0442\u043a\u0430\u043d\u044c \u0438\u043c\u043c\u0443\u043d\u043d\u043e\u0439 \u0441\u0438\u0441\u0442\u0435\u043c\u044b, \u0440\u0430\u0441\u043f\u043e\u043b\u043e\u0436\u0435\u043d\u043d\u0430\u044f \u0437\u0430 \u043c\u044f\u0433\u043a\u0438\u043c \u043d\u0435\u0431\u043e\u043c, \u043d\u0430\u043f\u043e\u043c\u0438\u043d\u0430\u044e\u0449\u0430\u044f \u043c\u0438\u043d\u0434\u0430\u043b\u0438\u043d\u0443, \u043a\u043e\u0442\u043e\u0440\u0430\u044f \u0431\u0435\u0440\u0435\u0442 \u0441\u0432\u043e\u0435 \u043d\u0430\u0447\u0430\u043b\u043e \u043d\u0430 \u043f\u043e\u0432\u0435\u0440\u0445\u043d\u043e\u0441\u0442\u0438 \u043e\u0431\u043b\u0430\u0441\u0442\u0438 \u043d\u043e\u0441\u0430. \u041e\u0441\u043d\u043e\u0432\u043d\u044b\u0435 \u0445\u0430\u0440\u0430\u043a\u0442\u0435\u0440\u0438\u0441\u0442\u0438\u043a\u0438: * \u0410\u0434\u0435\u043d\u043e\u0438\u0434\u044b \u043f\u0440\u0438\u0441\u0443\u0442\u0441\u0442\u0432\u0443\u044e\u0442 \u043f\u0440\u0438 \u0440\u043e\u0436\u0434\u0435\u043d\u0438\u0438. \u2022 \u041e\u043d\u0438 \u0434\u0435\u043c\u043e\u043d\u0441\u0442\u0440\u0438\u0440\u0443\u044e\u0442 \u0437\u0430\u043c\u0435\u0442\u043d\u044b\u0439 \u0440\u043e\u0441\u0442 \u0432 \u0432\u043e\u0437\u0440\u0430\u0441\u0442\u0435 \u043e\u0442 3 \u0434\u0435\u043a \u0434\u043e 6 \u043b\u0435\u0442. [&hellip;]<\/p>\n","protected":false},"author":1,"featured_media":0,"parent":0,"menu_order":0,"comment_status":"closed","ping_status":"closed","template":"elementor_header_footer","meta":{"footnotes":""},"class_list":["post-499","page","type-page","status-publish","hentry"],"_links":{"self":[{"href":"https:\/\/drosmanhalitcam.com\/ru\/wp-json\/wp\/v2\/pages\/499","targetHints":{"allow":["GET"]}}],"collection":[{"href":"https:\/\/drosmanhalitcam.com\/ru\/wp-json\/wp\/v2\/pages"}],"about":[{"href":"https:\/\/drosmanhalitcam.com\/ru\/wp-json\/wp\/v2\/types\/page"}],"author":[{"embeddable":true,"href":"https:\/\/drosmanhalitcam.com\/ru\/wp-json\/wp\/v2\/users\/1"}],"replies":[{"embeddable":true,"href":"https:\/\/drosmanhalitcam.com\/ru\/wp-json\/wp\/v2\/comments?post=499"}],"version-history":[{"count":21,"href":"https:\/\/drosmanhalitcam.com\/ru\/wp-json\/wp\/v2\/pages\/499\/revisions"}],"predecessor-version":[{"id":1665,"href":"https:\/\/drosmanhalitcam.com\/ru\/wp-json\/wp\/v2\/pages\/499\/revisions\/1665"}],"wp:attachment":[{"href":"https:\/\/drosmanhalitcam.com\/ru\/wp-json\/wp\/v2\/media?parent=499"}],"curies":[{"name":"wp","href":"https:\/\/api.w.org\/{rel}","templated":true}]}}